{"id":615,"date":"2021-05-12T04:59:14","date_gmt":"2021-05-12T04:59:14","guid":{"rendered":"https:\/\/akama-restaurant.ch\/index.php\/home\/"},"modified":"2026-04-10T20:05:02","modified_gmt":"2026-04-10T20:05:02","slug":"home","status":"publish","type":"page","link":"https:\/\/akama-restaurant.ch\/","title":{"rendered":"Home"},"content":{"rendered":"\n<div class=\"wp-block-uagb-container uagb-block-b2169ea5 alignfull uagb-is-root-container\"><div class=\"uagb-container-inner-blocks-wrap\">\n<div class=\"wp-block-uagb-info-box uagb-block-7c807fc8 uagb-infobox__content-wrap  uagb-infobox-icon-above-title uagb-infobox-image-valign-top\"><div class=\"uagb-ifb-content\"><div class=\"uagb-ifb-title-wrap\"><h1 class=\"uagb-ifb-title\">Tibetische und chinesische<br>Spezialit\u00e4ten in St\u00e4fa<\/h1><\/div><div class=\"uagb-ifb-separator\"><\/div><p class=\"uagb-ifb-desc\">Geniessen Sie frische Zutaten, hausgemachte Saucen und exotische Gew\u00fcrze in einer gem\u00fctlichen Atmosph\u00e4re.<br>Kommen Sie vorbei und lassen Sie sich von der tibetischen K\u00fcche verzaubern.<\/p><\/div><\/div>\n<\/div><\/div>\n\n\n\n<div id=\"mittag\" class=\"wp-block-uagb-container uagb-block-32365630 alignfull uagb-is-root-container\"><div class=\"uagb-container-inner-blocks-wrap\">\n<div class=\"wp-block-uagb-advanced-heading uagb-block-6ae6876f\"><h1 class=\"uagb-heading-text\">All You Can Eat<br>Mittagsbuffet<\/h1><\/div>\n\n\n\n<div class=\"wp-block-uagb-advanced-heading uagb-block-c14bf981\"><h5 class=\"uagb-heading-text\">Montag, Mittwoch &amp; Freitag<\/h5><\/div>\n\n\n\n<p class=\"has-text-align-center\">Jeden Montag, Mittwoch und Freitag: Unser All-you-can-eat Mittagsbuffet mit tibetischen und chinesischen K\u00f6stlichkeiten<br>f\u00fcr 21 CHF zum Geniessen vor Ort oder 18 CHF zum Mitnehmen.<\/p>\n<\/div><\/div>\n\n\n\n<div id=\"menu\" class=\"wp-block-uagb-container uagb-block-fb2a2e31 alignfull uagb-is-root-container\"><div class=\"uagb-container-inner-blocks-wrap\">\n<div class=\"wp-block-uagb-advanced-heading uagb-block-2ba4e956\"><h1 class=\"uagb-heading-text\">Unser Men\u00fc<\/h1><\/div>\n\n\n\n<div class=\"wp-block-uagb-buttons uagb-buttons__outer-wrap uagb-btn__default-btn uagb-btn-tablet__default-btn uagb-btn-mobile__default-btn uagb-block-d97e54f9\"><div class=\"uagb-buttons__wrap uagb-buttons-layout-wrap \">\n<div class=\"wp-block-uagb-buttons-child uagb-buttons__outer-wrap uagb-block-645df9e5 wp-block-button\"><div class=\"uagb-button__wrapper\"><a class=\"uagb-buttons-repeater wp-block-button__link\" aria-label=\"\" href=\"\/wp-content\/uploads\/akama-menu.pdf\" rel=\"follow noopener\" target=\"_blank\" role=\"button\"><div class=\"uagb-button__link\">Menukarte<\/div><span class=\"uagb-button__icon uagb-button__icon-position-after\"><svg xmlns=\"https:\/\/www.w3.org\/2000\/svg\" viewBox=\"0 0 384 512\" aria-hidden=\"true\" focussable=\"false\"><path d=\"M88 304H80V256H88C101.3 256 112 266.7 112 280C112 293.3 101.3 304 88 304zM192 256H200C208.8 256 216 263.2 216 272V336C216 344.8 208.8 352 200 352H192V256zM224 0V128C224 145.7 238.3 160 256 160H384V448C384 483.3 355.3 512 320 512H64C28.65 512 0 483.3 0 448V64C0 28.65 28.65 0 64 0H224zM64 224C55.16 224 48 231.2 48 240V368C48 376.8 55.16 384 64 384C72.84 384 80 376.8 80 368V336H88C118.9 336 144 310.9 144 280C144 249.1 118.9 224 88 224H64zM160 368C160 376.8 167.2 384 176 384H200C226.5 384 248 362.5 248 336V272C248 245.5 226.5 224 200 224H176C167.2 224 160 231.2 160 240V368zM288 224C279.2 224 272 231.2 272 240V368C272 376.8 279.2 384 288 384C296.8 384 304 376.8 304 368V320H336C344.8 320 352 312.8 352 304C352 295.2 344.8 288 336 288H304V256H336C344.8 256 352 248.8 352 240C352 231.2 344.8 224 336 224H288zM256 0L384 128H256V0z\"><\/path><\/svg><\/span><\/a><\/div><\/div>\n<\/div><\/div>\n\n\n\n<p class=\"has-text-align-center\">Men\u00fckarte wurde angepasst. Vielen Dank f\u00fcr Ihr Verst\u00e4ndnis.<\/p>\n<\/div><\/div>\n\n\n\n<div id=\"kontakt\" class=\"wp-block-uagb-container uagb-block-3d98543d alignfull uagb-is-root-container\"><div class=\"uagb-container-inner-blocks-wrap\">\n<h2 class=\"wp-block-heading has-text-align-center\">Kontakt &amp; \u00d6ffnungszeichen<\/h2>\n<\/div><\/div>\n\n\n\n<div class=\"wp-block-uagb-container uagb-block-53de14e4 alignfull uagb-is-root-container\"><div class=\"uagb-container-inner-blocks-wrap\">\n<div class=\"wp-block-uagb-container uagb-block-87e2580c\">\n<div class=\"wp-block-uagb-container uagb-block-586f4dfc\">\n<div class=\"wp-block-uagb-advanced-heading uagb-block-4d4b206a\"><h5 class=\"uagb-heading-text\">\u00d6ffnungszeiten<\/h5><\/div>\n\n\n\n<p class=\"has-text-align-center\"><strong>Montag &#8211; Freitag<\/strong><br>11:00 &#8211; 14:00 Uhr<br>17:00 &#8211; 22:00 Uhr<br><br><strong>Samstag<\/strong><br>17:00 &#8211; 22:00 Uhr<br><br><strong>Sonntag<\/strong><br>10:00 &#8211; 12:00 Uhr Ap\u00e9ro<br>17:00 &#8211; 21:00 Uhr<\/p>\n\n\n\n<div class=\"wp-block-uagb-container uagb-block-eef91c07\">\t\t\t<div \n\t\t\tclass=\"wp-block-uagb-google-map uagb-google-map__wrap uagb-block-dc03e417     \"\n\t\t\tstyle=\"\" >\n\t\t\t\t<embed\n\t\t\t\t\tclass=\"uagb-google-map__iframe\"\n\t\t\t\t\ttitle=\"Google Map for \"\n\t\t\t\t\tsrc=\"https:\/\/maps.google.com\/maps?q=Tr%C3%A4nkebachstrasse%2036%2C%208712%20St%C3%A4fa&#038;z=12&#038;hl=en&#038;t=m&#038;output=embed&#038;iwloc=near\"\n\t\t\t\t\twidth=\"640\"\n\t\t\t\t\theight=\"400\"\n\t\t\t\t\tloading=\"lazy\"\n\t\t\t\t><\/embed>\n\t\t\t<\/div>\n\t\t\t\n\n\n<p><strong>Adresse:<br><\/strong><a href=\"https:\/\/www.google.com\/maps\/place\/Akama+Tibetisches+Restaurant\/@47.2402777,8.7305448,17z\/data=!3m1!4b1!4m5!3m4!1s0x479ab19f1210875b:0x3e18dc084ed87dc7!8m2!3d47.2402741!4d8.7327335\">Tr\u00e4nkebachstrasse 36, 8712 St\u00e4fa<\/a><br><strong>Telefon:<br><\/strong><a href=\"tel:+410447964777\">044 796 47 77<\/a><br><strong>E-Mail:<br><\/strong><a href=\"mailto:info@akama-restaurant.ch\">info@akama-restaurant.ch<\/a><\/p>\n<\/div>\n<\/div>\n<\/div>\n<\/div><\/div>\n","protected":false},"excerpt":{"rendered":"<p>All You Can EatMittagsbuffet Montag, Mittwoch &amp; Freitag Jeden Montag, Mittwoch und Freitag: Unser All-you-can-eat Mittagsbuffet mit tibetischen und chinesischen K\u00f6stlichkeitenf\u00fcr 21 CHF zum Geniessen vor Ort oder 18 CHF zum Mitnehmen. Unser Men\u00fc Men\u00fckarte wurde angepasst. Vielen Dank f\u00fcr Ihr Verst\u00e4ndnis. Kontakt &amp; \u00d6ffnungszeichen \u00d6ffnungszeiten Montag &#8211; Freitag11:00 &#8211; 14:00 Uhr17:00 &#8211; 22:00 Uhr [&hellip;]<\/p>\n","protected":false},"author":1,"featured_media":0,"parent":0,"menu_order":0,"comment_status":"closed","ping_status":"closed","template":"","meta":{"_uag_custom_page_level_css":"","site-sidebar-layout":"no-sidebar","site-content-layout":"plain-container","ast-site-content-layout":"normal-width-container","site-content-style":"unboxed","site-sidebar-style":"unboxed","ast-global-header-display":"","ast-banner-title-visibility":"","ast-main-header-display":"","ast-hfb-above-header-display":"","ast-hfb-below-header-display":"","ast-hfb-mobile-header-display":"","site-post-title":"disabled","ast-breadcrumbs-content":"","ast-featured-img":"","footer-sml-layout":"","ast-disable-related-posts":"","theme-transparent-header-meta":"enabled","adv-header-id-meta":"","stick-header-meta":"","header-above-stick-meta":"","header-main-stick-meta":"","header-below-stick-meta":"","astra-migrate-meta-layouts":"set","ast-page-background-enabled":"default","ast-page-background-meta":{"desktop":{"background-color":"var(--ast-global-color-4)","background-image":"","background-repeat":"repeat","background-position":"center center","background-size":"auto","background-attachment":"scroll","background-type":"","background-media":"","overlay-type":"","overlay-color":"","overlay-opacity":"","overlay-gradient":""},"tablet":{"background-color":"","background-image":"","background-repeat":"repeat","background-position":"center center","background-size":"auto","background-attachment":"scroll","background-type":"","background-media":"","overlay-type":"","overlay-color":"","overlay-opacity":"","overlay-gradient":""},"mobile":{"background-color":"","background-image":"","background-repeat":"repeat","background-position":"center center","background-size":"auto","background-attachment":"scroll","background-type":"","background-media":"","overlay-type":"","overlay-color":"","overlay-opacity":"","overlay-gradient":""}},"ast-content-background-meta":{"desktop":{"background-color":"var(--ast-global-color-5)","background-image":"","background-repeat":"repeat","background-position":"center center","background-size":"auto","background-attachment":"scroll","background-type":"","background-media":"","overlay-type":"","overlay-color":"","overlay-opacity":"","overlay-gradient":""},"tablet":{"background-color":"var(--ast-global-color-5)","background-image":"","background-repeat":"repeat","background-position":"center center","background-size":"auto","background-attachment":"scroll","background-type":"","background-media":"","overlay-type":"","overlay-color":"","overlay-opacity":"","overlay-gradient":""},"mobile":{"background-color":"var(--ast-global-color-5)","background-image":"","background-repeat":"repeat","background-position":"center center","background-size":"auto","background-attachment":"scroll","background-type":"","background-media":"","overlay-type":"","overlay-color":"","overlay-opacity":"","overlay-gradient":""}},"footnotes":""},"class_list":["post-615","page","type-page","status-publish","hentry"],"uagb_featured_image_src":{"full":false,"thumbnail":false,"medium":false,"medium_large":false,"large":false,"1536x1536":false,"2048x2048":false},"uagb_author_info":{"display_name":"admin","author_link":"https:\/\/akama-restaurant.ch\/index.php\/author\/akamarestaurant_gt7zhf1c\/"},"uagb_comment_info":0,"uagb_excerpt":"All You Can EatMittagsbuffet Montag, Mittwoch &amp; Freitag Jeden Montag, Mittwoch und Freitag: Unser All-you-can-eat Mittagsbuffet mit tibetischen und chinesischen K\u00f6stlichkeitenf\u00fcr 21 CHF zum Geniessen vor Ort oder 18 CHF zum Mitnehmen. Unser Men\u00fc Men\u00fckarte wurde angepasst. Vielen Dank f\u00fcr Ihr Verst\u00e4ndnis. Kontakt &amp; \u00d6ffnungszeichen \u00d6ffnungszeiten Montag &#8211; Freitag11:00 &#8211; 14:00 Uhr17:00 &#8211; 22:00 Uhr&hellip;","_links":{"self":[{"href":"https:\/\/akama-restaurant.ch\/index.php\/wp-json\/wp\/v2\/pages\/615","targetHints":{"allow":["GET"]}}],"collection":[{"href":"https:\/\/akama-restaurant.ch\/index.php\/wp-json\/wp\/v2\/pages"}],"about":[{"href":"https:\/\/akama-restaurant.ch\/index.php\/wp-json\/wp\/v2\/types\/page"}],"author":[{"embeddable":true,"href":"https:\/\/akama-restaurant.ch\/index.php\/wp-json\/wp\/v2\/users\/1"}],"replies":[{"embeddable":true,"href":"https:\/\/akama-restaurant.ch\/index.php\/wp-json\/wp\/v2\/comments?post=615"}],"version-history":[{"count":136,"href":"https:\/\/akama-restaurant.ch\/index.php\/wp-json\/wp\/v2\/pages\/615\/revisions"}],"predecessor-version":[{"id":885,"href":"https:\/\/akama-restaurant.ch\/index.php\/wp-json\/wp\/v2\/pages\/615\/revisions\/885"}],"wp:attachment":[{"href":"https:\/\/akama-restaurant.ch\/index.php\/wp-json\/wp\/v2\/media?parent=615"}],"curies":[{"name":"wp","href":"https:\/\/api.w.org\/{rel}","templated":true}]}}